{"id":3283,"date":"2019-12-09T20:42:45","date_gmt":"2019-12-09T19:42:45","guid":{"rendered":"https:\/\/padelgeek.com\/?page_id=3283"},"modified":"2022-09-08T19:42:43","modified_gmt":"2022-09-08T17:42:43","slug":"hvad-er-padel","status":"publish","type":"page","link":"https:\/\/padelgeek.com\/dk\/hvad-er-padel\/","title":{"rendered":"Hvad er padel?"},"content":{"rendered":"<h1>Hvad er Padel?<\/h1>\n<p>Padel er en sport, der kombinerer action med sjov og socialt samv\u00e6r. Det er en fantastisk sport for spillere i alle aldre og med forskellige f\u00e6rdigheder, da det b\u00e5de er hurtigt og nemt at l\u00e6rer. De fleste spillere l\u00e6rer de grundl\u00e6ggende f\u00e6rdigheder inden for de f\u00f8rste 30 min. Det er dog bestemt ikke nogen ulempe at have erfaring med andre besl\u00e6gtede sportsgrene som tennis og badminton.<br \/>\nPadel er ikke s\u00e5 domineret af styrke som f.eks.. tennis og er derfor en ideel sport for m\u00e6nd, kvinder og unge at spille sammen. En vigtig f\u00e6rdighed er strategi, da point bliver vundet snarere af strategi end ved ren styrke.<\/p>\n<h2>Padelbanen<\/h2>\n<p><a href=\"https:\/\/padelgeek.com\/fra-tennis-til-padel\/?lang=da\">Padel er en blanding mellem tennis<\/a> og squash. <a href=\"https:\/\/padelgeek.com\/grepplinda-varfor-anvanda-det-pa-din-padelracket\/?lang=sv\">Det spilles prim\u00e6rt som double p\u00e5<\/a> en lukket bane omgivet af v\u00e6gge af glas og hegn af metal. Banen er en tredjedel af st\u00f8rrelsen p\u00e5 en tennisbane.<\/p>\n<p>Bolden kan spilles op af en hvilken som helst v\u00e6g, men kan kun ramme gulvet \u00e9n gang, f\u00f8r den returneres. Der scores point, n\u00e5r bolden hopper to gange p\u00e5 konkurrenternes banehalvdel.<\/p>\n<h2>Padel Bat og padel bolde<\/h2>\n<p>Spillet er hurtigt og nemt at l\u00e6re, hvilket g\u00f8r det til en sjov og vanedannende sport at spille. Man spiller med en kort, strengfri ketcher med en overflade med huller og en tennisbold med lavere tryk end normalt.<\/p>\n<p>&nbsp;<\/p>\n<p>&nbsp;<\/p>\n<div class=\"woocommerce columns-3 \"><ul class=\"products columns-3\">\n<li class=\"product type-product post-9301 status-publish first outofstock product_cat-padel-bat has-post-thumbnail sale taxable shipping-taxable purchasable product-type-simple\">\n\t<span class=\"gtm4wp_productdata\" style=\"display:none; visibility:hidden;\" data-gtm4wp_product_id=\"BABOLATTECHNICALVERTUO2022\" data-gtm4wp_product_name=\"BABOLAT TECHNICAL VERTUO 2022\" data-gtm4wp_product_price=\"649\" data-gtm4wp_product_cat=\"Padel Bat\" data-gtm4wp_product_url=\"https:\/\/padelgeek.com\/dk\/produkt\/babolat-technical-vertuo-2022\/\" data-gtm4wp_product_listposition=\"1\" data-gtm4wp_productlist_name=\"General Product List\" data-gtm4wp_product_stocklevel=\"0\" data-gtm4wp_product_brand=\"\"><\/span>\n\t<span class=\"onsale\">Tilbud<\/span>\n\t<p class=\"woocommerce-products-compare-compare-button\"><label for=\"woocommerce-products-compare-checkbox-9301\"><input type=\"checkbox\" class=\"woocommerce-products-compare-checkbox\" data-product-id=\"9301\"  id=\"woocommerce-products-compare-checkbox-9301\" \/><span class=\"woocommerce-products-compare-checkbox-icon\"><\/span>&nbsp;Sammenlign<\/label> <a href=\"https:\/\/padelgeek.com\/dk\/\/products-compare\" title=\"Compare Page\" class=\"woocommerce-products-compare-compare-link\"><span class=\"dashicons dashicons-external\"><\/span><\/a><\/p><\/li>\n<li class=\"product type-product post-9051 status-publish outofstock product_cat-nox-rackets-da-3 product_cat-padel-bat has-post-thumbnail taxable shipping-taxable purchasable product-type-simple\">\n\t<span class=\"gtm4wp_productdata\" style=\"display:none; visibility:hidden;\" data-gtm4wp_product_id=\"NOXAT10GENIUSHARD\" data-gtm4wp_product_name=\"NOX AT10 GENIUS HARD\" data-gtm4wp_product_price=\"1896\" data-gtm4wp_product_cat=\"Padel Bat\" data-gtm4wp_product_url=\"https:\/\/padelgeek.com\/dk\/produkt\/nox-at10-genius-hard-2\/\" data-gtm4wp_product_listposition=\"2\" data-gtm4wp_productlist_name=\"General Product List\" data-gtm4wp_product_stocklevel=\"0\" data-gtm4wp_product_brand=\"\"><\/span><p class=\"woocommerce-products-compare-compare-button\"><label for=\"woocommerce-products-compare-checkbox-9051\"><input type=\"checkbox\" class=\"woocommerce-products-compare-checkbox\" data-product-id=\"9051\"  id=\"woocommerce-products-compare-checkbox-9051\" \/><span class=\"woocommerce-products-compare-checkbox-icon\"><\/span>&nbsp;Sammenlign<\/label> <a href=\"https:\/\/padelgeek.com\/dk\/\/products-compare\" title=\"Compare Page\" class=\"woocommerce-products-compare-compare-link\"><span class=\"dashicons dashicons-external\"><\/span><\/a><\/p><\/li>\n<li class=\"product type-product post-8957 status-publish last outofstock product_cat-padel-bat has-post-thumbnail taxable shipping-taxable purchasable product-type-simple\">\n\t<span class=\"gtm4wp_productdata\" style=\"display:none; visibility:hidden;\" data-gtm4wp_product_id=\"OSAKAPROTOURPOWER\" data-gtm4wp_product_name=\"OSAKA PRO TOUR POWER\" data-gtm4wp_product_price=\"2149\" data-gtm4wp_product_cat=\"Padel Bat\" data-gtm4wp_product_url=\"https:\/\/padelgeek.com\/dk\/produkt\/osaka-pro-tour-power\/\" data-gtm4wp_product_listposition=\"3\" data-gtm4wp_productlist_name=\"General Product List\" data-gtm4wp_product_stocklevel=\"0\" data-gtm4wp_product_brand=\"\"><\/span><p class=\"woocommerce-products-compare-compare-button\"><label for=\"woocommerce-products-compare-checkbox-8957\"><input type=\"checkbox\" class=\"woocommerce-products-compare-checkbox\" data-product-id=\"8957\"  id=\"woocommerce-products-compare-checkbox-8957\" \/><span class=\"woocommerce-products-compare-checkbox-icon\"><\/span>&nbsp;Sammenlign<\/label> <a href=\"https:\/\/padelgeek.com\/dk\/\/products-compare\" title=\"Compare Page\" class=\"woocommerce-products-compare-compare-link\"><span class=\"dashicons dashicons-external\"><\/span><\/a><\/p><\/li>\n<li class=\"product type-product post-9515 status-publish first outofstock product_cat-padel-bat has-post-thumbnail sale taxable shipping-taxable purchasable product-type-simple\">\n\t<span class=\"gtm4wp_productdata\" style=\"display:none; visibility:hidden;\" data-gtm4wp_product_id=\"OSAKAVISIONAREOPOWER\" data-gtm4wp_product_name=\"OSAKA VISION AREO POWER\" data-gtm4wp_product_price=\"599\" data-gtm4wp_product_cat=\"Padel Bat\" data-gtm4wp_product_url=\"https:\/\/padelgeek.com\/dk\/produkt\/osaka-vision-areo-power-2\/\" data-gtm4wp_product_listposition=\"4\" data-gtm4wp_productlist_name=\"General Product List\" data-gtm4wp_product_stocklevel=\"0\" data-gtm4wp_product_brand=\"\"><\/span>\n\t<span class=\"onsale\">Tilbud<\/span>\n\t<p class=\"woocommerce-products-compare-compare-button\"><label for=\"woocommerce-products-compare-checkbox-9515\"><input type=\"checkbox\" class=\"woocommerce-products-compare-checkbox\" data-product-id=\"9515\"  id=\"woocommerce-products-compare-checkbox-9515\" \/><span class=\"woocommerce-products-compare-checkbox-icon\"><\/span>&nbsp;Sammenlign<\/label> <a href=\"https:\/\/padelgeek.com\/dk\/\/products-compare\" title=\"Compare Page\" class=\"woocommerce-products-compare-compare-link\"><span class=\"dashicons dashicons-external\"><\/span><\/a><\/p><\/li>\n<li class=\"product type-product post-8934 status-publish outofstock product_cat-padel-bat has-post-thumbnail sale taxable shipping-taxable purchasable product-type-simple\">\n\t<span class=\"gtm4wp_productdata\" style=\"display:none; visibility:hidden;\" data-gtm4wp_product_id=\"OSAKAVISIONPROCONTROL\" data-gtm4wp_product_name=\"OSAKA VISION PRO CONTROL\" data-gtm4wp_product_price=\"1395\" data-gtm4wp_product_cat=\"Padel Bat\" data-gtm4wp_product_url=\"https:\/\/padelgeek.com\/dk\/produkt\/osaka-vision-pro-control\/\" data-gtm4wp_product_listposition=\"5\" data-gtm4wp_productlist_name=\"General Product List\" data-gtm4wp_product_stocklevel=\"0\" data-gtm4wp_product_brand=\"\"><\/span>\n\t<span class=\"onsale\">Tilbud<\/span>\n\t<p class=\"woocommerce-products-compare-compare-button\"><label for=\"woocommerce-products-compare-checkbox-8934\"><input type=\"checkbox\" class=\"woocommerce-products-compare-checkbox\" data-product-id=\"8934\"  id=\"woocommerce-products-compare-checkbox-8934\" \/><span class=\"woocommerce-products-compare-checkbox-icon\"><\/span>&nbsp;Sammenlign<\/label> <a href=\"https:\/\/padelgeek.com\/dk\/\/products-compare\" title=\"Compare Page\" class=\"woocommerce-products-compare-compare-link\"><span class=\"dashicons dashicons-external\"><\/span><\/a><\/p><\/li>\n<li class=\"product type-product post-6869 status-publish last outofstock product_cat-padel-bat has-post-thumbnail sale taxable shipping-taxable purchasable product-type-simple\">\n\t<span class=\"gtm4wp_productdata\" style=\"display:none; visibility:hidden;\" data-gtm4wp_product_id=\"OSAKAVISIONPROPOWERSOFT\" data-gtm4wp_product_name=\"OSAKA VISION PRO POWER SOFT\" data-gtm4wp_product_price=\"1089\" data-gtm4wp_product_cat=\"Padel Bat\" data-gtm4wp_product_url=\"https:\/\/padelgeek.com\/dk\/produkt\/osaka-vision-pro-power-soft\/\" data-gtm4wp_product_listposition=\"6\" data-gtm4wp_productlist_name=\"General Product List\" data-gtm4wp_product_stocklevel=\"0\" data-gtm4wp_product_brand=\"\"><\/span>\n\t<span class=\"onsale\">Tilbud<\/span>\n\t<p class=\"woocommerce-products-compare-compare-button\"><label for=\"woocommerce-products-compare-checkbox-6869\"><input type=\"checkbox\" class=\"woocommerce-products-compare-checkbox\" data-product-id=\"6869\"  id=\"woocommerce-products-compare-checkbox-6869\" \/><span class=\"woocommerce-products-compare-checkbox-icon\"><\/span>&nbsp;Sammenlign<\/label> <a href=\"https:\/\/padelgeek.com\/dk\/\/products-compare\" title=\"Compare Page\" class=\"woocommerce-products-compare-compare-link\"><span class=\"dashicons dashicons-external\"><\/span><\/a><\/p><\/li>\n<li class=\"product type-product post-9517 status-publish first outofstock product_cat-padel-bat has-post-thumbnail sale taxable shipping-taxable purchasable product-type-simple\">\n\t<span class=\"gtm4wp_productdata\" style=\"display:none; visibility:hidden;\" data-gtm4wp_product_id=\"OSAKAVISIONPROTECH\" data-gtm4wp_product_name=\"OSAKA VISION PRO TECH\" data-gtm4wp_product_price=\"1399\" data-gtm4wp_product_cat=\"Padel Bat\" data-gtm4wp_product_url=\"https:\/\/padelgeek.com\/dk\/produkt\/osaka-vision-pro-tech-2\/\" data-gtm4wp_product_listposition=\"7\" data-gtm4wp_productlist_name=\"General Product List\" data-gtm4wp_product_stocklevel=\"0\" data-gtm4wp_product_brand=\"\"><\/span>\n\t<span class=\"onsale\">Tilbud<\/span>\n\t<p class=\"woocommerce-products-compare-compare-button\"><label for=\"woocommerce-products-compare-checkbox-9517\"><input type=\"checkbox\" class=\"woocommerce-products-compare-checkbox\" data-product-id=\"9517\"  id=\"woocommerce-products-compare-checkbox-9517\" \/><span class=\"woocommerce-products-compare-checkbox-icon\"><\/span>&nbsp;Sammenlign<\/label> <a href=\"https:\/\/padelgeek.com\/dk\/\/products-compare\" title=\"Compare Page\" class=\"woocommerce-products-compare-compare-link\"><span class=\"dashicons dashicons-external\"><\/span><\/a><\/p><\/li>\n<li class=\"product type-product post-3266 status-publish outofstock product_cat-nox-rackets-da-3 product_cat-padel-bat has-post-thumbnail sale taxable shipping-taxable purchasable product-type-simple\">\n\t<span class=\"gtm4wp_productdata\" style=\"display:none; visibility:hidden;\" data-gtm4wp_product_id=\"NOXML10PROCUPBLACKEDITIONARENA\" data-gtm4wp_product_name=\"NOX ML10 PRO CUP BLACK EDITION ARENA\" data-gtm4wp_product_price=\"1375\" data-gtm4wp_product_cat=\"Padel Bat\" data-gtm4wp_product_url=\"https:\/\/padelgeek.com\/dk\/produkt\/nox-ml10-pro-cup-black-edition\/\" data-gtm4wp_product_listposition=\"8\" data-gtm4wp_productlist_name=\"General Product List\" data-gtm4wp_product_stocklevel=\"0\" data-gtm4wp_product_brand=\"\"><\/span>\n\t<span class=\"onsale\">Tilbud<\/span>\n\t<p class=\"woocommerce-products-compare-compare-button\"><label for=\"woocommerce-products-compare-checkbox-3266\"><input type=\"checkbox\" class=\"woocommerce-products-compare-checkbox\" data-product-id=\"3266\"  id=\"woocommerce-products-compare-checkbox-3266\" \/><span class=\"woocommerce-products-compare-checkbox-icon\"><\/span>&nbsp;Sammenlign<\/label> <a href=\"https:\/\/padelgeek.com\/dk\/\/products-compare\" title=\"Compare Page\" class=\"woocommerce-products-compare-compare-link\"><span class=\"dashicons dashicons-external\"><\/span><\/a><\/p><\/li>\n<\/ul>\n<\/div>\n<h2><\/h2>\n<h2>St\u00f8rrelse p\u00e5 banen<\/h2>\n<p>En padel bane er 20 meter lang og 10 meter bred, bagv\u00e6ggene er lavet af glas op til en h\u00f8jde p\u00e5 3 meter, mens glassets sidev\u00e6gge stopper efter 4 meter. V\u00e6ggene er oftest lavet af glas, men kan ogs\u00e5 v\u00e6re lavet af et andet fast materiale som beton. Resten af banen er lukket ved hj\u00e6lp af et metalhegn som er 4 meter h\u00f8jt.<br \/>\nMidt p\u00e5 banen er der som ved tennis og badminton et net, der deler banen i to. Nettet har en maksimal h\u00f8jde p\u00e5 88 cm i midten og h\u00e6ver sig til 92 cm p\u00e5 begge sider. Banens felter er delt i midten af en linje, og en endnu en linje tre meter fra bagv\u00e6ggen markerer serviceomr\u00e5det.<\/p>\n<p>&nbsp;<\/p>\n<p><img loading=\"lazy\" class=\"size-medium wp-image-3401 aligncenter\" src=\"https:\/\/padelgeek.com\/wp-content\/uploads\/2019\/12\/padelcourt_Trans-300x179.png\" alt=\"\" width=\"300\" height=\"179\" srcset=\"https:\/\/padelgeek.com\/wp-content\/uploads\/2019\/12\/padelcourt_Trans-300x179.png 300w, https:\/\/padelgeek.com\/wp-content\/uploads\/2019\/12\/padelcourt_Trans-150x90.png 150w, https:\/\/padelgeek.com\/wp-content\/uploads\/2019\/12\/padelcourt_Trans-416x248.png 416w, https:\/\/padelgeek.com\/wp-content\/uploads\/2019\/12\/padelcourt_Trans.png 677w\" sizes=\"(max-width: 300px) 100vw, 300px\" \/><\/p>\n<h2>Pointgivning<\/h2>\n<p>Der gives point som ved tennis, hvor den st\u00f8rste forskel er, at serven i <a href=\"https:\/\/padelgeek.com\/bedste-padel-bolde\/?lang=da\">padel altid er underh\u00e5nds serv og at bolde<\/a> kan spilles op af glasv\u00e6ggene som vi kender det fra squash. Reglerne giver mulighed for anvendelse af bag- og sidev\u00e6ggene, hvilket resulterer i l\u00e6ngere dueller end i en normal tenniskamp<\/p>\n","protected":false},"excerpt":{"rendered":"<p>Hvad er Padel? Padel er en sport, der kombinerer action med sjov og socialt samv\u00e6r. Det er en fantastisk sport for spillere i alle aldre og med forskellige f\u00e6rdigheder, da det b\u00e5de er hurtigt og nemt at l\u00e6rer. De fleste spillere l\u00e6rer de grundl\u00e6ggende f\u00e6rdigheder inden for de f\u00f8rste 30 min. Det er dog bestemt [&hellip;]<\/p>\n","protected":false},"author":42,"featured_media":0,"parent":0,"menu_order":0,"comment_status":"closed","ping_status":"closed","template":"","meta":[],"_links":{"self":[{"href":"https:\/\/padelgeek.com\/dk\/wp-json\/wp\/v2\/pages\/3283"}],"collection":[{"href":"https:\/\/padelgeek.com\/dk\/wp-json\/wp\/v2\/pages"}],"about":[{"href":"https:\/\/padelgeek.com\/dk\/wp-json\/wp\/v2\/types\/page"}],"author":[{"embeddable":true,"href":"https:\/\/padelgeek.com\/dk\/wp-json\/wp\/v2\/users\/42"}],"replies":[{"embeddable":true,"href":"https:\/\/padelgeek.com\/dk\/wp-json\/wp\/v2\/comments?post=3283"}],"version-history":[{"count":14,"href":"https:\/\/padelgeek.com\/dk\/wp-json\/wp\/v2\/pages\/3283\/revisions"}],"predecessor-version":[{"id":9723,"href":"https:\/\/padelgeek.com\/dk\/wp-json\/wp\/v2\/pages\/3283\/revisions\/9723"}],"wp:attachment":[{"href":"https:\/\/padelgeek.com\/dk\/wp-json\/wp\/v2\/media?parent=3283"}],"curies":[{"name":"wp","href":"https:\/\/api.w.org\/{rel}","templated":true}]}}