{"id":1589,"date":"2019-02-07T20:42:01","date_gmt":"2019-02-07T19:42:01","guid":{"rendered":"https:\/\/padelgeek.com\/product\/adipower-soft-1-9\/"},"modified":"2023-03-28T03:57:44","modified_gmt":"2023-03-28T01:57:44","slug":"adipower-soft-1-9","status":"publish","type":"product","link":"https:\/\/padelgeek.com\/se\/produkt\/adipower-soft-1-9\/","title":{"rendered":"ADIPOWER SOFT 1.9"},"content":{"rendered":"<p>Adipower Soft 1.9 \u00e4r ett utm\u00e4rkt racket.<\/p>\n<p>&nbsp;<\/p>\n<p>Utformningen \u00e4r i\u00f6gonfallande och skiljer sig fr\u00e5n m\u00e4ngden. Soft Performance EVA skapar en outstanding kontakt med bollen samtidigt med en fantastisk komfort medan du spelar. Soft EVA ger Adipower Soft 1.9 lite mer kraft j\u00e4mf\u00f6rt med Adipower ATTK 1.9 utan att f\u00f6rlora kontrollen.<\/p>\n<p>Kombinationen av kraft och kontroll \u00e4r perfekt f\u00f6r den spelare som vill vara p\u00e5 offensiven och som g\u00e4rna tar dirigentpinnen tidigt i duellen. Den \u00f6verdimensionerade diamantformen ger ocks\u00e5 en st\u00f6rre sweet spot i toppen av racketen som g\u00f6r det enklare att sl\u00e5 det perfekta och rena slaget.<\/p>\n<p>Adipower Soft 1.9 har ett karbon aluminiserat huvud, som kombinerat med riggade kolfibrer ger racketen en enast\u00e5ende kombination av kraft och stabilitet i dina slag utan bekostnad av kontroll, och som \u00e4r racketens fokus. Kolfibrerna ger ocks\u00e5 mer spin i slagen och g\u00f6r det l\u00e4ttare och f\u00e5 den \u00f6nskade underskruven p\u00e5 bollen.<\/p>\n<p>Adipower Soft 1.9 \u00e4r ett racket f\u00f6r den mera offensiva spelaren, som samtidigt s\u00f6ker en snygg design. Dessutom \u00e4r det ett racket med l\u00e5ng h\u00e5llbarhet tack vare tr\u00e4ffytan av kolfiber.<\/p>\n","protected":false},"excerpt":{"rendered":"<p>Adipower Soft 1.9 \u00e4r ett utm\u00e4rkt racket. &nbsp; Utformningen \u00e4r i\u00f6gonfallande och skiljer sig fr\u00e5n m\u00e4ngden. Soft Performance EVA skapar en outstanding kontakt med bollen samtidigt med en fantastisk komfort medan du spelar. Soft EVA ger Adipower Soft 1.9 lite mer kraft j\u00e4mf\u00f6rt med Adipower ATTK 1.9 utan att f\u00f6rlora kontrollen. Kombinationen av kraft och [&hellip;]<\/p>\n","protected":false},"featured_media":720,"template":"","meta":[],"_links":{"self":[{"href":"https:\/\/padelgeek.com\/se\/wp-json\/wp\/v2\/product\/1589"}],"collection":[{"href":"https:\/\/padelgeek.com\/se\/wp-json\/wp\/v2\/product"}],"about":[{"href":"https:\/\/padelgeek.com\/se\/wp-json\/wp\/v2\/types\/product"}],"wp:featuredmedia":[{"embeddable":true,"href":"https:\/\/padelgeek.com\/se\/wp-json\/wp\/v2\/media\/720"}],"wp:attachment":[{"href":"https:\/\/padelgeek.com\/se\/wp-json\/wp\/v2\/media?parent=1589"}],"curies":[{"name":"wp","href":"https:\/\/api.w.org\/{rel}","templated":true}]}}