{"id":1591,"date":"2019-02-07T21:40:56","date_gmt":"2019-02-07T19:40:56","guid":{"rendered":"https:\/\/padelgeek.com\/product\/supernova-ctrl-1-9\/"},"modified":"2020-01-06T11:03:11","modified_gmt":"2020-01-06T10:03:11","slug":"supernova-ctrl-1-9","status":"publish","type":"product","link":"https:\/\/padelgeek.com\/se\/produkt\/supernova-ctrl-1-9\/","title":{"rendered":"SUPERNOVA CTRL 1.9"},"content":{"rendered":"<p>Supernova CTRL 1.9 \u00e4r f\u00f6r den vana spelaren som \u00e4r ute efter ett racket med mycket kontroll till ett bra pris.<\/p>\n<p>J\u00e4mf\u00f6rt med de dyrare modellerna av kolfiber \u00e4r Supernova CTRL 1.9 tillverkad av alutex. Alutex \u00e4r ett material som h\u00e5ller l\u00e4nge och i kombination med Soft EVA skapar det en bekv\u00e4m k\u00e4nsla under spel. Ramen \u00e4r tillverkad av material med h\u00f6g kvalitet och best\u00e5r av 50 % carbon och 50 % glasfiber.<\/p>\n<p>Supernova CTRL 1.9 \u00e4r ett bra val f\u00f6r spelaren som letar efter en uppgradering fr\u00e5n ett nyb\u00f6rjarrack. Denna racket ger en b\u00e4ttre k\u00e4nsla och bollkontakt j\u00e4mf\u00f6rt med en nyb\u00f6rjarrack och sist men inte minst b\u00e4ttre kontroll.<\/p>\n","protected":false},"excerpt":{"rendered":"<p>Supernova CTRL 1.9 \u00e4r f\u00f6r den vana spelaren som \u00e4r ute efter ett racket med mycket kontroll till ett bra pris. J\u00e4mf\u00f6rt med de dyrare modellerna av kolfiber \u00e4r Supernova CTRL 1.9 tillverkad av alutex. Alutex \u00e4r ett material som h\u00e5ller l\u00e4nge och i kombination med Soft EVA skapar det en bekv\u00e4m k\u00e4nsla under spel. [&hellip;]<\/p>\n","protected":false},"featured_media":741,"template":"","meta":[],"_links":{"self":[{"href":"https:\/\/padelgeek.com\/se\/wp-json\/wp\/v2\/product\/1591"}],"collection":[{"href":"https:\/\/padelgeek.com\/se\/wp-json\/wp\/v2\/product"}],"about":[{"href":"https:\/\/padelgeek.com\/se\/wp-json\/wp\/v2\/types\/product"}],"wp:featuredmedia":[{"embeddable":true,"href":"https:\/\/padelgeek.com\/se\/wp-json\/wp\/v2\/media\/741"}],"wp:attachment":[{"href":"https:\/\/padelgeek.com\/se\/wp-json\/wp\/v2\/media?parent=1591"}],"curies":[{"name":"wp","href":"https:\/\/api.w.org\/{rel}","templated":true}]}}